{"id":348,"date":"2011-10-10T16:46:51","date_gmt":"2011-10-10T15:46:51","guid":{"rendered":"http:\/\/coherences.com\/BLOG-HM\/?page_id=348"},"modified":"2013-08-27T15:57:23","modified_gmt":"2013-08-27T15:57:23","slug":"leducation","status":"publish","type":"page","link":"http:\/\/biencommun.coherences.com\/BLOG-HM\/lhumanisme-methodologique\/leducation\/","title":{"rendered":"L&rsquo;\u00e9ducation"},"content":{"rendered":"<p>L&rsquo;\u00e9ducation vise simultan\u00e9ment un d\u00e9veloppement culturel communautaire et un d\u00e9veloppement personnel des membres de la communaut\u00e9. Sans le premier l&rsquo;\u00e9ducation reste dans l&#8217;empirisme et l&rsquo;abstraction. Sans le second ce n&rsquo;est que conditionnement et formatage.<\/p>\n<p>Les textes suivant contribuent \u00e0 une conception de l&rsquo;\u00e9ducation en rapport avec la mutation de civilisation \u00e0 accomplir.<\/p>\n<p><a href=\"http:\/\/journal.coherences.com\/article431.html\" target=\"_blank\">Les comp\u00e9tences humaines<\/a><\/p>\n<p><a href=\"http:\/\/journal.coherences.com\/article430.html\" target=\"_blank\">Les quatre \u00e9coles, les quatre temps de l&rsquo;\u00e9ducation<\/a><\/p>\n<p><a href=\"http:\/\/journal.coherences.com\/article410.html\" target=\"_blank\">Les Sens de l&rsquo;\u00e9ducation<\/a><\/p>\n<p><a href=\"http:\/\/journal.coherences.com\/article304.html\" target=\"_blank\">Evaluation et r\u00e9f\u00e9rentiels de valeurs<\/a><\/p>\n<p><a href=\"http:\/\/journal.coherences.com\/article63.html\" target=\"_blank\">Qualit\u00e9 des syst\u00e8mes d&rsquo;\u00e9ducation et de formation<\/a><\/p>\n<p><a href=\"http:\/\/journal.coherences.com\/article72.html\" target=\"_blank\">Cit\u00e9s macrop\u00e9dagogiques<\/a><\/p>\n<p><a href=\"http:\/\/journal.coherences.com\/article80.html\" target=\"_blank\">Postulats et postures scientifiques, math\u00e9matiques et p\u00e9dagogiques<\/a><\/p>\n<p><a href=\"http:\/\/journal.coherences.com\/article80.html\" target=\"_blank\">Mutation dans l&rsquo;enseignement universitaire<\/a><\/p>\n<p><a href=\"http:\/\/journal.coherences.com\/article85.html\" target=\"_blank\">Interdisciplinarit\u00e9 et transdisciplinarit\u00e9<\/a><\/p>\n<p><a href=\"http:\/\/biencommun.coherences.com\/BLOG-HM\/2013\/08\/27\/les-nouveaux-fondements-de-leducation\/\" target=\"_blank\">Les nouveaux fondements de l&rsquo;\u00e9ducation<\/a><\/p>\n","protected":false},"excerpt":{"rendered":"<p>L&rsquo;\u00e9ducation vise simultan\u00e9ment un d\u00e9veloppement culturel communautaire et un d\u00e9veloppement personnel des membres de la communaut\u00e9. Sans le premier l&rsquo;\u00e9ducation reste dans l&#8217;empirisme et l&rsquo;abstraction. Sans le second ce n&rsquo;est que conditionnement et formatage. Les textes suivant contribuent \u00e0 une conception de l&rsquo;\u00e9ducation en rapport avec la mutation de civilisation \u00e0 accomplir. Les comp\u00e9tences humaines [&hellip;]<\/p>\n","protected":false},"author":54,"featured_media":0,"parent":11,"menu_order":0,"comment_status":"open","ping_status":"open","template":"","meta":{"footnotes":""},"class_list":["post-348","page","type-page","status-publish","hentry"],"_links":{"self":[{"href":"http:\/\/biencommun.coherences.com\/BLOG-HM\/wp-json\/wp\/v2\/pages\/348","targetHints":{"allow":["GET"]}}],"collection":[{"href":"http:\/\/biencommun.coherences.com\/BLOG-HM\/wp-json\/wp\/v2\/pages"}],"about":[{"href":"http:\/\/biencommun.coherences.com\/BLOG-HM\/wp-json\/wp\/v2\/types\/page"}],"author":[{"embeddable":true,"href":"http:\/\/biencommun.coherences.com\/BLOG-HM\/wp-json\/wp\/v2\/users\/54"}],"replies":[{"embeddable":true,"href":"http:\/\/biencommun.coherences.com\/BLOG-HM\/wp-json\/wp\/v2\/comments?post=348"}],"version-history":[{"count":0,"href":"http:\/\/biencommun.coherences.com\/BLOG-HM\/wp-json\/wp\/v2\/pages\/348\/revisions"}],"up":[{"embeddable":true,"href":"http:\/\/biencommun.coherences.com\/BLOG-HM\/wp-json\/wp\/v2\/pages\/11"}],"wp:attachment":[{"href":"http:\/\/biencommun.coherences.com\/BLOG-HM\/wp-json\/wp\/v2\/media?parent=348"}],"curies":[{"name":"wp","href":"https:\/\/api.w.org\/{rel}","templated":true}]}}