{"id":336,"date":"2011-09-15T20:25:54","date_gmt":"2011-09-15T19:25:54","guid":{"rendered":"http:\/\/coherences.com\/BLOG-HM\/?page_id=336"},"modified":"2011-09-15T20:25:54","modified_gmt":"2011-09-15T19:25:54","slug":"derniers-articles-du-journal-permanent-de-lhumanisme-methodologique","status":"publish","type":"page","link":"http:\/\/biencommun.coherences.com\/BLOG-HM\/lhumanisme-methodologique\/derniers-articles-du-journal-permanent-de-lhumanisme-methodologique\/","title":{"rendered":"Derniers articles"},"content":{"rendered":"<p><a href=\"http:\/\/journal.coherences.com\/article429.html\" target=\"_blank\">Qu&rsquo;est-ce que le lib\u00e9ralisme<\/a><\/p>\n<p><a href=\"http:\/\/journal.coherences.com\/article430.html\" target=\"_blank\">Les quatre \u00e9coles  et les quatre temps de l&rsquo;\u00e9ducation<\/a><\/p>\n<p><a href=\"http:\/\/journal.coherences.com\/article431.html\" target=\"_blank\">Les comp\u00e9tences humaines<\/a><\/p>\n<p><a href=\"http:\/\/journal.coherences.com\/article432.html\" target=\"_blank\">Mondialisation communautaire Oui ! mondialisme syst\u00e9mique Non !<\/a><\/p>\n","protected":false},"excerpt":{"rendered":"<p>Qu&rsquo;est-ce que le lib\u00e9ralisme Les quatre \u00e9coles et les quatre temps de l&rsquo;\u00e9ducation Les comp\u00e9tences humaines Mondialisation communautaire Oui ! mondialisme syst\u00e9mique Non !<\/p>\n","protected":false},"author":54,"featured_media":0,"parent":11,"menu_order":0,"comment_status":"open","ping_status":"open","template":"","meta":{"footnotes":""},"class_list":["post-336","page","type-page","status-publish","hentry"],"_links":{"self":[{"href":"http:\/\/biencommun.coherences.com\/BLOG-HM\/wp-json\/wp\/v2\/pages\/336","targetHints":{"allow":["GET"]}}],"collection":[{"href":"http:\/\/biencommun.coherences.com\/BLOG-HM\/wp-json\/wp\/v2\/pages"}],"about":[{"href":"http:\/\/biencommun.coherences.com\/BLOG-HM\/wp-json\/wp\/v2\/types\/page"}],"author":[{"embeddable":true,"href":"http:\/\/biencommun.coherences.com\/BLOG-HM\/wp-json\/wp\/v2\/users\/54"}],"replies":[{"embeddable":true,"href":"http:\/\/biencommun.coherences.com\/BLOG-HM\/wp-json\/wp\/v2\/comments?post=336"}],"version-history":[{"count":0,"href":"http:\/\/biencommun.coherences.com\/BLOG-HM\/wp-json\/wp\/v2\/pages\/336\/revisions"}],"up":[{"embeddable":true,"href":"http:\/\/biencommun.coherences.com\/BLOG-HM\/wp-json\/wp\/v2\/pages\/11"}],"wp:attachment":[{"href":"http:\/\/biencommun.coherences.com\/BLOG-HM\/wp-json\/wp\/v2\/media?parent=336"}],"curies":[{"name":"wp","href":"https:\/\/api.w.org\/{rel}","templated":true}]}}